{"id":2218,"date":"2020-02-27T07:07:32","date_gmt":"2020-02-27T07:07:32","guid":{"rendered":"http:\/\/wpdemo.archiwp.com\/engitech\/?page_id=2218"},"modified":"2025-04-03T23:51:23","modified_gmt":"2025-04-03T23:51:23","slug":"single-team","status":"publish","type":"page","link":"https:\/\/delphininnovations.com\/index.php\/our-team\/single-team\/","title":{"rendered":"Single Team"},"content":{"rendered":"\t\t<div data-elementor-type=\"wp-page\" data-elementor-id=\"2218\" class=\"elementor elementor-2218\" data-elementor-post-type=\"page\">\n\t\t\t\t\t\t<section class=\"elementor-section elementor-top-section elementor-element elementor-element-5afeb9b ot-traditional elementor-section-boxed elementor-section-height-default elementor-section-height-default\" data-id=\"5afeb9b\" data-element_type=\"section\">\n\t\t\t\t\t\t<div class=\"elementor-container elementor-column-gap-extended\">\n\t\t\t\t\t<div class=\"elementor-column elementor-col-100 elementor-top-column elementor-element elementor-element-643ec12 ot-flex-column-vertical\" data-id=\"643ec12\" data-element_type=\"column\">\n\t\t\t<div class=\"elementor-widget-wrap elementor-element-populated\">\n\t\t\t\t\t\t<section class=\"elementor-section elementor-inner-section elementor-element elementor-element-1c441b7 elementor-section-full_width ot-traditional elementor-section-height-default elementor-section-height-default\" data-id=\"1c441b7\" data-element_type=\"section\">\n\t\t\t\t\t\t<div class=\"elementor-container elementor-column-gap-extended\">\n\t\t\t\t\t<div class=\"elementor-column elementor-col-50 elementor-inner-column elementor-element elementor-element-c198a81 ot-flex-column-vertical\" data-id=\"c198a81\" data-element_type=\"column\" data-settings=\"{&quot;background_background&quot;:&quot;classic&quot;}\">\n\t\t\t<div class=\"elementor-widget-wrap elementor-element-populated\">\n\t\t\t\t\t\t<div class=\"elementor-element elementor-element-8b13b38 elementor-widget elementor-widget-image\" data-id=\"8b13b38\" data-element_type=\"widget\" data-widget_type=\"image.default\">\n\t\t\t\t<div class=\"elementor-widget-container\">\n\t\t\t\t\t\t\t\t\t\t\t\t\t\t\t<img fetchpriority=\"high\" decoding=\"async\" width=\"1923\" height=\"2560\" src=\"https:\/\/delphininnovations.com\/wp-content\/uploads\/2025\/04\/President_Delphin_Innovations-scaled.jpg\" class=\"attachment-full size-full wp-image-5165\" alt=\"\" srcset=\"https:\/\/delphininnovations.com\/wp-content\/uploads\/2025\/04\/President_Delphin_Innovations-scaled.jpg 1923w, https:\/\/delphininnovations.com\/wp-content\/uploads\/2025\/04\/President_Delphin_Innovations-225x300.jpg 225w, https:\/\/delphininnovations.com\/wp-content\/uploads\/2025\/04\/President_Delphin_Innovations-769x1024.jpg 769w, https:\/\/delphininnovations.com\/wp-content\/uploads\/2025\/04\/President_Delphin_Innovations-768x1022.jpg 768w, https:\/\/delphininnovations.com\/wp-content\/uploads\/2025\/04\/President_Delphin_Innovations-1154x1536.jpg 1154w, https:\/\/delphininnovations.com\/wp-content\/uploads\/2025\/04\/President_Delphin_Innovations-1539x2048.jpg 1539w, https:\/\/delphininnovations.com\/wp-content\/uploads\/2025\/04\/President_Delphin_Innovations-720x958.jpg 720w\" sizes=\"(max-width: 1923px) 100vw, 1923px\" \/>\t\t\t\t\t\t\t\t\t\t\t\t\t\t\t<\/div>\n\t\t\t\t<\/div>\n\t\t\t\t\t<\/div>\n\t\t<\/div>\n\t\t\t\t<div class=\"elementor-column elementor-col-50 elementor-inner-column elementor-element elementor-element-88e96ea ot-flex-column-vertical\" data-id=\"88e96ea\" data-element_type=\"column\" data-settings=\"{&quot;background_background&quot;:&quot;classic&quot;}\">\n\t\t\t<div class=\"elementor-widget-wrap elementor-element-populated\">\n\t\t\t\t\t\t<div class=\"elementor-element elementor-element-f09cff0 elementor-widget elementor-widget-heading\" data-id=\"f09cff0\" data-element_type=\"widget\" data-widget_type=\"heading.default\">\n\t\t\t\t<div class=\"elementor-widget-container\">\n\t\t\t\t\t<h2 class=\"elementor-heading-title elementor-size-default\">Jean Frideland DELPHIN<\/h2>\t\t\t\t<\/div>\n\t\t\t\t<\/div>\n\t\t\t\t<div class=\"elementor-element elementor-element-ae31495 elementor-widget elementor-widget-heading\" data-id=\"ae31495\" data-element_type=\"widget\" data-widget_type=\"heading.default\">\n\t\t\t\t<div class=\"elementor-widget-container\">\n\t\t\t\t\t<span class=\"elementor-heading-title elementor-size-default\">Pr\u00e9sident de Delphin InnoVations<\/span>\t\t\t\t<\/div>\n\t\t\t\t<\/div>\n\t\t\t\t<div class=\"elementor-element elementor-element-2b777df elementor-widget elementor-widget-text-editor\" data-id=\"2b777df\" data-element_type=\"widget\" data-widget_type=\"text-editor.default\">\n\t\t\t\t<div class=\"elementor-widget-container\">\n\t\t\t\t\t\t\t\t\t<ul class=\"bold member-info\"><li><span class=\"text-dark\">Department:<\/span> Cybers\u00e9curit\u00e9, D\u00e9veloppement logiciel, Strat\u00e9gie num\u00e9rique<\/li><li><span class=\"text-dark\">Experience:<\/span> Plus de 10 ans dans les technologies de l\u2019information, la gestion de projets num\u00e9riques et la cybers\u00e9curit\u00e9. Actuellement \u00e0 la ma\u00eetrise en informatique, sp\u00e9cialisation cybers\u00e9curit\u00e9, \u00e0 l&#8217;UQAR.<\/li><li><span class=\"text-dark\">Email:<\/span> jfdelphin@delphininnovations.com<\/li><li><span class=\"text-dark\">Phone:<\/span> +1(581) 997-7628<\/li><\/ul>\t\t\t\t\t\t\t\t<\/div>\n\t\t\t\t<\/div>\n\t\t\t\t<div class=\"elementor-element elementor-element-2ef9f36 elementor-widget elementor-widget-otsocialshare\" data-id=\"2ef9f36\" data-element_type=\"widget\" data-widget_type=\"otsocialshare.default\">\n\t\t\t\t<div class=\"elementor-widget-container\">\n\t\t\t\t\t<div class=\"otf-social-share clearfix shape-circle\"><a class=\"share-facebook\" href=\"https:\/\/www.facebook.com\/sharer\/sharer.php?u=https%3A%2F%2Fdelphininnovations.com%2Findex.php%2Four-team%2Fsingle-team%2F\" target=\"_blank\"><i class=\"fab fa-facebook-f\"><\/i><\/a><a class=\"share-twitter\" href=\"https:\/\/twitter.com\/intent\/tweet?text=Single+Team&amp;url=https%3A%2F%2Fdelphininnovations.com%2Findex.php%2Four-team%2Fsingle-team%2F&amp;via=Delphininnovations\" target=\"_blank\"><svg xmlns=\"http:\/\/www.w3.org\/2000\/svg\" viewBox=\"0 0 512 512\"><path d=\"M389.2 48h70.6L305.6 224.2 487 464H345L233.7 318.6 106.5 464H35.8L200.7 275.5 26.8 48H172.4L272.9 180.9 389.2 48zM364.4 421.8h39.1L151.1 88h-42L364.4 421.8z\"><\/path><\/svg><\/a><a class=\"share-pinterest\" href=\"https:\/\/pinterest.com\/pin\/create\/button\/?url=https%3A%2F%2Fdelphininnovations.com%2Findex.php%2Four-team%2Fsingle-team%2F&amp;media=https:\/\/delphininnovations.com\/wp-content\/plugins\/elementor\/assets\/images\/placeholder.png&amp;description=Single+Team\" data-pin-custom=\"true\" target=\"_blank\"><i class=\"fab fa-pinterest-p\"><\/i><\/a><a class=\"share-linkedin\" href=\"https:\/\/www.linkedin.com\/shareArticle?mini=true&url=https%3A%2F%2Fdelphininnovations.com%2Findex.php%2Four-team%2Fsingle-team%2F&amp;title=Single+Team\" target=\"_blank\"><i class=\"fab fa-linkedin-in\"><\/i><\/a><\/div>\t\t\t\t<\/div>\n\t\t\t\t<\/div>\n\t\t\t\t\t<\/div>\n\t\t<\/div>\n\t\t\t\t\t<\/div>\n\t\t<\/section>\n\t\t\t\t<section class=\"elementor-section elementor-inner-section elementor-element elementor-element-f026c05 elementor-section-full_width ot-traditional elementor-section-height-default elementor-section-height-default\" data-id=\"f026c05\" data-element_type=\"section\">\n\t\t\t\t\t\t<div class=\"elementor-container elementor-column-gap-default\">\n\t\t\t\t\t<div class=\"elementor-column elementor-col-100 elementor-inner-column elementor-element elementor-element-8fe1d10 ot-flex-column-vertical\" data-id=\"8fe1d10\" data-element_type=\"column\">\n\t\t\t<div class=\"elementor-widget-wrap elementor-element-populated\">\n\t\t\t\t\t\t<div class=\"elementor-element elementor-element-f3331e2 elementor-widget elementor-widget-heading\" data-id=\"f3331e2\" data-element_type=\"widget\" data-widget_type=\"heading.default\">\n\t\t\t\t<div class=\"elementor-widget-container\">\n\t\t\t\t\t<h3 class=\"elementor-heading-title elementor-size-default\">Biographie<\/h3>\t\t\t\t<\/div>\n\t\t\t\t<\/div>\n\t\t\t\t<div class=\"elementor-element elementor-element-a4caa87 elementor-widget elementor-widget-text-editor\" data-id=\"a4caa87\" data-element_type=\"widget\" data-widget_type=\"text-editor.default\">\n\t\t\t\t<div class=\"elementor-widget-container\">\n\t\t\t\t\t\t\t\t\t<p>Passionn\u00e9 par la technologie et l\u2019impact social du num\u00e9rique, j\u2019ai fond\u00e9 Delphin InnoVations avec l\u2019ambition d\u2019aider les PME, les institutions et les organisations \u00e0 r\u00e9ussir leur transformation digitale de mani\u00e8re humaine, s\u00e9curis\u00e9e et durable.<\/p><p>Originaire d\u2019Ha\u00efti et install\u00e9 au Qu\u00e9bec, mon parcours m\u2019a appris que la technologie est un levier puissant de changement. J\u2019ai \u00e9t\u00e9 accompagn\u00e9 et soutenu dans mes \u00e9tudes par des personnes incroyables, et aujourd\u2019hui, je souhaite rendre la pareille en cr\u00e9ant de la valeur et des opportunit\u00e9s ici comme ailleurs.<\/p><p>Avec Delphin InnoVations, nous accompagnons d\u00e9j\u00e0 des ONG, des \u00e9coles, des caisses populaires et d\u2019autres structures dans leurs projets num\u00e9riques. Notre \u00e9quipe mise sur la qualit\u00e9, la proximit\u00e9 et la s\u00e9curit\u00e9 pour chaque solution d\u00e9ploy\u00e9e.<\/p><p>Ce projet est aussi personnel que professionnel, et c\u2019est pour cela que je m\u2019y engage \u00e0 100 %.<\/p>\t\t\t\t\t\t\t\t<\/div>\n\t\t\t\t<\/div>\n\t\t\t\t\t<\/div>\n\t\t<\/div>\n\t\t\t\t\t<\/div>\n\t\t<\/section>\n\t\t\t\t<section class=\"elementor-section elementor-inner-section elementor-element elementor-element-feb5ef5 elementor-section-full_width elementor-section-content-middle ot-traditional elementor-section-height-default elementor-section-height-default\" data-id=\"feb5ef5\" data-element_type=\"section\">\n\t\t\t\t\t\t<div class=\"elementor-container elementor-column-gap-extended\">\n\t\t\t\t\t<div class=\"elementor-column elementor-col-25 elementor-inner-column elementor-element elementor-element-9147fd9 ot-flex-column-vertical\" data-id=\"9147fd9\" data-element_type=\"column\">\n\t\t\t<div class=\"elementor-widget-wrap elementor-element-populated\">\n\t\t\t\t\t\t<div class=\"elementor-element elementor-element-ff7647b elementor-widget elementor-widget-heading\" data-id=\"ff7647b\" data-element_type=\"widget\" data-widget_type=\"heading.default\">\n\t\t\t\t<div class=\"elementor-widget-container\">\n\t\t\t\t\t<h6 class=\"elementor-heading-title elementor-size-default\">ANACAPH<\/h6>\t\t\t\t<\/div>\n\t\t\t\t<\/div>\n\t\t\t\t<div class=\"elementor-element elementor-element-7a19b13 elementor-widget elementor-widget-text-editor\" data-id=\"7a19b13\" data-element_type=\"widget\" data-widget_type=\"text-editor.default\">\n\t\t\t\t<div class=\"elementor-widget-container\">\n\t\t\t\t\t\t\t\t\t<p>Administrateur Syst\u00e8mes et R\u00e9seaux<br data-start=\"432\" data-end=\"435\" \/><em data-start=\"435\" data-end=\"457\">(2017 \u2013 aujourd\u2019hui)<\/em><\/p>\t\t\t\t\t\t\t\t<\/div>\n\t\t\t\t<\/div>\n\t\t\t\t<div class=\"elementor-element elementor-element-fb347e0 elementor-widget elementor-widget-heading\" data-id=\"fb347e0\" data-element_type=\"widget\" data-widget_type=\"heading.default\">\n\t\t\t\t<div class=\"elementor-widget-container\">\n\t\t\t\t\t<h6 class=\"elementor-heading-title elementor-size-default\">UQAR<\/h6>\t\t\t\t<\/div>\n\t\t\t\t<\/div>\n\t\t\t\t<div class=\"elementor-element elementor-element-a03bb55 elementor-widget elementor-widget-text-editor\" data-id=\"a03bb55\" data-element_type=\"widget\" data-widget_type=\"text-editor.default\">\n\t\t\t\t<div class=\"elementor-widget-container\">\n\t\t\t\t\t\t\t\t\t<p>\u00c9tudiant-chercheur en cybers\u00e9curit\u00e9<br data-start=\"522\" data-end=\"525\" \/><em data-start=\"525\" data-end=\"547\">(2023 \u2013 aujourd\u2019hui<\/em><\/p>\t\t\t\t\t\t\t\t<\/div>\n\t\t\t\t<\/div>\n\t\t\t\t\t<\/div>\n\t\t<\/div>\n\t\t\t\t<div class=\"elementor-column elementor-col-25 elementor-inner-column elementor-element elementor-element-b6b9a35 ot-flex-column-vertical\" data-id=\"b6b9a35\" data-element_type=\"column\">\n\t\t\t<div class=\"elementor-widget-wrap elementor-element-populated\">\n\t\t\t\t\t\t<div class=\"elementor-element elementor-element-c78f219 elementor-widget elementor-widget-heading\" data-id=\"c78f219\" data-element_type=\"widget\" data-widget_type=\"heading.default\">\n\t\t\t\t<div class=\"elementor-widget-container\">\n\t\t\t\t\t<h6 class=\"elementor-heading-title elementor-size-default\">Delphin InnoVations<\/h6>\t\t\t\t<\/div>\n\t\t\t\t<\/div>\n\t\t\t\t<div class=\"elementor-element elementor-element-2139d8a elementor-widget elementor-widget-text-editor\" data-id=\"2139d8a\" data-element_type=\"widget\" data-widget_type=\"text-editor.default\">\n\t\t\t\t<div class=\"elementor-widget-container\">\n\t\t\t\t\t\t\t\t\t<p>Pr\u00e9sident &amp; Fondateur<br data-start=\"727\" data-end=\"730\" \/><em data-start=\"730\" data-end=\"752\">(2023 \u2013 aujourd\u2019hui)<\/em><\/p>\t\t\t\t\t\t\t\t<\/div>\n\t\t\t\t<\/div>\n\t\t\t\t\t<\/div>\n\t\t<\/div>\n\t\t\t\t<div class=\"elementor-column elementor-col-25 elementor-inner-column elementor-element elementor-element-b510f96 ot-flex-column-vertical\" data-id=\"b510f96\" data-element_type=\"column\">\n\t\t\t<div class=\"elementor-widget-wrap elementor-element-populated\">\n\t\t\t\t\t\t<div class=\"elementor-element elementor-element-531003c elementor-widget elementor-widget-iprogress\" data-id=\"531003c\" data-element_type=\"widget\" data-widget_type=\"iprogress.default\">\n\t\t\t\t<div class=\"elementor-widget-container\">\n\t\t\t\t\t\r\n\t\t\t\t<div class=\"circle-progress flex-middle\" data-color=\"#43BAFF\" data-height=\"10\" data-size=\"135\">\r\n\t\t\t<div class=\"inner-bar\" data-percent=\"85\">\r\n\t\t\t\t<span>\r\n\t\t\t\t\t<span class=\"percent\">85<\/span>%\t\t\t\t<\/span>\r\n\t\t\t<\/div>\r\n\t\t\t<h4>D\u00e9veloppement<br>\nWeb<\/h4>\t\t<\/div>\r\n\t\t\r\n\t    \t\t\t\t<\/div>\n\t\t\t\t<\/div>\n\t\t\t\t\t<\/div>\n\t\t<\/div>\n\t\t\t\t<div class=\"elementor-column elementor-col-25 elementor-inner-column elementor-element elementor-element-18f8553 ot-flex-column-vertical\" data-id=\"18f8553\" data-element_type=\"column\">\n\t\t\t<div class=\"elementor-widget-wrap elementor-element-populated\">\n\t\t\t\t\t\t<div class=\"elementor-element elementor-element-d7090eb elementor-widget elementor-widget-iprogress\" data-id=\"d7090eb\" data-element_type=\"widget\" data-widget_type=\"iprogress.default\">\n\t\t\t\t<div class=\"elementor-widget-container\">\n\t\t\t\t\t\r\n\t\t\t\t<div class=\"circle-progress flex-middle\" data-color=\"#43BAFF\" data-height=\"10\" data-size=\"135\">\r\n\t\t\t<div class=\"inner-bar\" data-percent=\"90\">\r\n\t\t\t\t<span>\r\n\t\t\t\t\t<span class=\"percent\">90<\/span>%\t\t\t\t<\/span>\r\n\t\t\t<\/div>\r\n\t\t\t<h4>Cybers\u00e9curit\u00e9<br>\n<\/h4>\t\t<\/div>\r\n\t\t\r\n\t    \t\t\t\t<\/div>\n\t\t\t\t<\/div>\n\t\t\t\t\t<\/div>\n\t\t<\/div>\n\t\t\t\t\t<\/div>\n\t\t<\/section>\n\t\t\t\t<section class=\"elementor-section elementor-inner-section elementor-element elementor-element-df29560 elementor-section-full_width ot-traditional elementor-section-height-default elementor-section-height-default\" data-id=\"df29560\" data-element_type=\"section\">\n\t\t\t\t\t\t<div class=\"elementor-container elementor-column-gap-default\">\n\t\t\t\t\t<div class=\"elementor-column elementor-col-100 elementor-inner-column elementor-element elementor-element-096a7ae ot-flex-column-vertical\" data-id=\"096a7ae\" data-element_type=\"column\">\n\t\t\t<div class=\"elementor-widget-wrap elementor-element-populated\">\n\t\t\t\t\t\t<div class=\"elementor-element elementor-element-50f5430 elementor-widget elementor-widget-heading\" data-id=\"50f5430\" data-element_type=\"widget\" data-widget_type=\"heading.default\">\n\t\t\t\t<div class=\"elementor-widget-container\">\n\t\t\t\t\t<h3 class=\"elementor-heading-title elementor-size-default\">Comp\u00e9tences techniques (Hard Skills)<\/h3>\t\t\t\t<\/div>\n\t\t\t\t<\/div>\n\t\t\t\t<div class=\"elementor-element elementor-element-e1a1cb7 elementor-widget elementor-widget-text-editor\" data-id=\"e1a1cb7\" data-element_type=\"widget\" data-widget_type=\"text-editor.default\">\n\t\t\t\t<div class=\"elementor-widget-container\">\n\t\t\t\t\t\t\t\t\t<p class=\"\" data-start=\"378\" data-end=\"498\">Gr\u00e2ce \u00e0 mes exp\u00e9riences professionnelles et acad\u00e9miques, j\u2019ai acquis une solide expertise dans plusieurs domaines cl\u00e9s :<\/p><ul data-start=\"500\" data-end=\"1097\"><li class=\"\" data-start=\"500\" data-end=\"635\"><p class=\"\" data-start=\"502\" data-end=\"635\"><strong data-start=\"502\" data-end=\"519\">Cybers\u00e9curit\u00e9<\/strong> : mise en \u0153uvre de solutions de protection des syst\u00e8mes et des donn\u00e9es, analyse des risques, d\u00e9tection d\u2019anomalies.<\/p><\/li><li class=\"\" data-start=\"636\" data-end=\"761\"><p class=\"\" data-start=\"638\" data-end=\"761\"><strong data-start=\"638\" data-end=\"675\">Administration Syst\u00e8mes &amp; R\u00e9seaux<\/strong> : gestion et s\u00e9curisation d\u2019infrastructures informatiques au sein d\u2019une organisation.<\/p><\/li><li class=\"\" data-start=\"762\" data-end=\"882\"><p class=\"\" data-start=\"764\" data-end=\"882\"><strong data-start=\"764\" data-end=\"797\">D\u00e9veloppement Web<\/strong>\u00a0: cr\u00e9ation de sites performants, adaptatifs et centr\u00e9s sur l\u2019exp\u00e9rience utilisateur.<\/p><\/li><li class=\"\" data-start=\"883\" data-end=\"979\"><p class=\"\" data-start=\"885\" data-end=\"979\"><strong style=\"color: var( --e-global-color-text );\" data-start=\"982\" data-end=\"1018\">Support et conseil technologique<\/strong><span style=\"color: var( --e-global-color-text ); font-weight: var( --e-global-typography-text-font-weight );\"> : accompagnement d\u2019\u00e9coles, ONG et entreprises dans leurs choix technologiques.<\/span><\/p><\/li><\/ul>\t\t\t\t\t\t\t\t<\/div>\n\t\t\t\t<\/div>\n\t\t\t\t\t<\/div>\n\t\t<\/div>\n\t\t\t\t\t<\/div>\n\t\t<\/section>\n\t\t\t\t<section class=\"elementor-section elementor-inner-section elementor-element elementor-element-ea004bc elementor-section-full_width ot-traditional elementor-section-height-default elementor-section-height-default\" data-id=\"ea004bc\" data-element_type=\"section\">\n\t\t\t\t\t\t<div class=\"elementor-container elementor-column-gap-default\">\n\t\t\t\t\t<div class=\"elementor-column elementor-col-100 elementor-inner-column elementor-element elementor-element-77d3671 ot-flex-column-vertical\" data-id=\"77d3671\" data-element_type=\"column\">\n\t\t\t<div class=\"elementor-widget-wrap elementor-element-populated\">\n\t\t\t\t\t\t<div class=\"elementor-element elementor-element-a05ff82 elementor-widget elementor-widget-shortcode\" data-id=\"a05ff82\" data-element_type=\"widget\" data-widget_type=\"shortcode.default\">\n\t\t\t\t<div class=\"elementor-widget-container\">\n\t\t\t\t\t\t\t<div class=\"elementor-shortcode\">\n<div class=\"wpcf7 no-js\" id=\"wpcf7-f2236-o1\" lang=\"en-US\" dir=\"ltr\" data-wpcf7-id=\"2236\">\n<div class=\"screen-reader-response\"><p role=\"status\" aria-live=\"polite\" aria-atomic=\"true\"><\/p> <ul><\/ul><\/div>\n<form action=\"\/index.php\/wp-json\/wp\/v2\/pages\/2218#wpcf7-f2236-o1\" method=\"post\" class=\"wpcf7-form init\" aria-label=\"Contact form\" novalidate=\"novalidate\" data-status=\"init\">\n<div style=\"display: none;\">\n<input type=\"hidden\" name=\"_wpcf7\" value=\"2236\" \/>\n<input type=\"hidden\" name=\"_wpcf7_version\" value=\"6.0.5\" \/>\n<input type=\"hidden\" name=\"_wpcf7_locale\" value=\"en_US\" \/>\n<input type=\"hidden\" name=\"_wpcf7_unit_tag\" value=\"wpcf7-f2236-o1\" \/>\n<input type=\"hidden\" name=\"_wpcf7_container_post\" value=\"0\" \/>\n<input type=\"hidden\" name=\"_wpcf7_posted_data_hash\" value=\"\" \/>\n<\/div>\n<div class=\"member-form comment-respond\">\n\t<h2>Contact Me\n\t<\/h2>\n\t<p class=\"font14\">Your email address will not be published. Required fields are marked *\n\t<\/p>\n\t<div class=\"row\">\n\t\t<p class=\"col-md-6\"><span class=\"wpcf7-form-control-wrap\" data-name=\"your-name\"><input size=\"40\" maxlength=\"400\" class=\"wpcf7-form-control wpcf7-text wpcf7-validates-as-required\" aria-required=\"true\" aria-invalid=\"false\" placeholder=\"Your Name *\" value=\"\" type=\"text\" name=\"your-name\" \/><\/span>\n\t\t<\/p>\n\t\t<p class=\"col-md-6\"><span class=\"wpcf7-form-control-wrap\" data-name=\"your-email\"><input size=\"40\" maxlength=\"400\" class=\"wpcf7-form-control wpcf7-email wpcf7-validates-as-required wpcf7-text wpcf7-validates-as-email\" aria-required=\"true\" aria-invalid=\"false\" placeholder=\"Your Email *\" value=\"\" type=\"email\" name=\"your-email\" \/><\/span>\n\t\t<\/p>\n\t<\/div>\n\t<p><span class=\"wpcf7-form-control-wrap\" data-name=\"your-site\"><input size=\"40\" maxlength=\"400\" class=\"wpcf7-form-control wpcf7-text\" aria-invalid=\"false\" placeholder=\"Website\" value=\"\" type=\"text\" name=\"your-site\" \/><\/span>\n\t<\/p>\n\t<p><span class=\"wpcf7-form-control-wrap\" data-name=\"your-message\"><textarea cols=\"40\" rows=\"10\" maxlength=\"2000\" class=\"wpcf7-form-control wpcf7-textarea\" aria-invalid=\"false\" placeholder=\"Message...\" name=\"your-message\"><\/textarea><\/span>\n\t<\/p>\n\t<p><button type=\"submit\" class=\"octf-btn octf-btn-primary\">Send Message<\/button>\n\t<\/p>\n<\/div><div class=\"wpcf7-response-output\" aria-hidden=\"true\"><\/div>\n<\/form>\n<\/div>\n<\/div>\n\t\t\t\t\t\t<\/div>\n\t\t\t\t<\/div>\n\t\t\t\t\t<\/div>\n\t\t<\/div>\n\t\t\t\t\t<\/div>\n\t\t<\/section>\n\t\t\t\t\t<\/div>\n\t\t<\/div>\n\t\t\t\t\t<\/div>\n\t\t<\/section>\n\t\t\t\t<\/div>\n\t\t","protected":false},"excerpt":{"rendered":"<p>Jean Frideland DELPHIN Pr\u00e9sident de Delphin InnoVations Department: Cybers\u00e9curit\u00e9, D\u00e9veloppement logiciel, Strat\u00e9gie num\u00e9rique Experience: Plus de 10 ans dans les technologies de l\u2019information, la gestion de projets num\u00e9riques et la cybers\u00e9curit\u00e9. Actuellement \u00e0 la ma\u00eetrise en informatique, sp\u00e9cialisation cybers\u00e9curit\u00e9, \u00e0 l&#8217;UQAR. Email: jfdelphin@delphininnovations.com Phone: +1(581) 997-7628 Biographie Passionn\u00e9 par la technologie et l\u2019impact social du [&hellip;]<\/p>\n","protected":false},"author":1,"featured_media":0,"parent":1428,"menu_order":0,"comment_status":"closed","ping_status":"closed","template":"","meta":{"footnotes":""},"class_list":["post-2218","page","type-page","status-publish","hentry"],"_links":{"self":[{"href":"https:\/\/delphininnovations.com\/index.php\/wp-json\/wp\/v2\/pages\/2218","targetHints":{"allow":["GET"]}}],"collection":[{"href":"https:\/\/delphininnovations.com\/index.php\/wp-json\/wp\/v2\/pages"}],"about":[{"href":"https:\/\/delphininnovations.com\/index.php\/wp-json\/wp\/v2\/types\/page"}],"author":[{"embeddable":true,"href":"https:\/\/delphininnovations.com\/index.php\/wp-json\/wp\/v2\/users\/1"}],"replies":[{"embeddable":true,"href":"https:\/\/delphininnovations.com\/index.php\/wp-json\/wp\/v2\/comments?post=2218"}],"version-history":[{"count":18,"href":"https:\/\/delphininnovations.com\/index.php\/wp-json\/wp\/v2\/pages\/2218\/revisions"}],"predecessor-version":[{"id":5186,"href":"https:\/\/delphininnovations.com\/index.php\/wp-json\/wp\/v2\/pages\/2218\/revisions\/5186"}],"up":[{"embeddable":true,"href":"https:\/\/delphininnovations.com\/index.php\/wp-json\/wp\/v2\/pages\/1428"}],"wp:attachment":[{"href":"https:\/\/delphininnovations.com\/index.php\/wp-json\/wp\/v2\/media?parent=2218"}],"curies":[{"name":"wp","href":"https:\/\/api.w.org\/{rel}","templated":true}]}}